{"id":1385,"date":"2026-02-25T16:15:36","date_gmt":"2026-02-25T15:15:36","guid":{"rendered":"https:\/\/paroisse-muzillac-billiers.fr\/?page_id=1385"},"modified":"2026-02-25T16:15:36","modified_gmt":"2026-02-25T15:15:36","slug":"homelies","status":"publish","type":"page","link":"https:\/\/paroisse-muzillac-billiers.fr\/?page_id=1385","title":{"rendered":"Hom\u00e9lies"},"content":{"rendered":"<ul class=\"wp-block-latest-posts__list wp-block-latest-posts\"><li><a class=\"wp-block-latest-posts__post-title\" href=\"https:\/\/paroisse-muzillac-billiers.fr\/?p=1422\">Hom\u00e9lie 01-03-2026<\/a><div class=\"wp-block-latest-posts__post-full-content\"><!-- wp:paragraph {\"align\":\"center\"} -->\n<p class=\"has-text-align-center\">2\u00e8me dimanche de car\u00eame<br><em>P\u00e8re Philippe le Bigot, cur\u00e9 de la paroisse Muzillac-Billiers<\/em><\/p>\n<!-- \/wp:paragraph -->\n\n<!-- wp:audio {\"id\":1421} -->\n<figure class=\"wp-block-audio\"><audio controls src=\"http:\/\/paroisse-muzillac-billiers.fr\/wp-content\/uploads\/2026\/03\/Homelie-01-03-2026.mp3\"><\/audio><\/figure>\n<!-- \/wp:audio --><\/div><\/li>\n<li><a class=\"wp-block-latest-posts__post-title\" href=\"https:\/\/paroisse-muzillac-billiers.fr\/?p=1388\">Hom\u00e9lie 22-02-2026<\/a><div class=\"wp-block-latest-posts__post-full-content\"><!-- wp:paragraph {\"align\":\"center\"} -->\n<p class=\"has-text-align-center\">1er dimanche de car\u00eame<br><em>P\u00e8re Philippe le Bigot, cur\u00e9 de la paroisse Muzillac-Billiers<\/em><\/p>\n<!-- \/wp:paragraph -->\n\n<!-- wp:audio {\"id\":1374} -->\n<figure class=\"wp-block-audio\"><audio controls src=\"http:\/\/paroisse-muzillac-billiers.fr\/wp-content\/uploads\/2026\/02\/Homelie-22-02-2026.mp3\"><\/audio><\/figure>\n<!-- \/wp:audio --><\/div><\/li>\n<li><a class=\"wp-block-latest-posts__post-title\" href=\"https:\/\/paroisse-muzillac-billiers.fr\/?p=1372\">Hom\u00e9lie 18-02-2026<\/a><div class=\"wp-block-latest-posts__post-full-content\"><!-- wp:paragraph {\"align\":\"center\"} -->\n<p class=\"has-text-align-center\">Mercredi des cendres &#8211; Entr\u00e9e en car\u00eame<br><em>P\u00e8re Philippe le Bigot, cur\u00e9 de la paroisse Muzillac-Billiers<\/em><\/p>\n<!-- \/wp:paragraph -->\n\n<!-- wp:audio {\"id\":1373} -->\n<figure class=\"wp-block-audio\"><audio controls src=\"http:\/\/paroisse-muzillac-billiers.fr\/wp-content\/uploads\/2026\/02\/Homelie-18-02-2026.mp3\"><\/audio><\/figure>\n<!-- \/wp:audio --><\/div><\/li>\n<\/ul>\n\n\n<p><\/p>\n","protected":false},"excerpt":{"rendered":"","protected":false},"author":2,"featured_media":0,"parent":0,"menu_order":0,"comment_status":"closed","ping_status":"closed","template":"","meta":{"iawp_total_views":11,"footnotes":""},"class_list":["post-1385","page","type-page","status-publish","hentry","entry"],"yoast_head":"<!-- This site is optimized with the Yoast SEO plugin v24.8.1 - https:\/\/yoast.com\/wordpress\/plugins\/seo\/ -->\n<title>Hom\u00e9lies - PAROISSE MUZILLAC ET BILLIERS<\/title>\n<meta name=\"robots\" content=\"index, follow, max-snippet:-1, max-image-preview:large, max-video-preview:-1\" \/>\n<link rel=\"canonical\" href=\"https:\/\/paroisse-muzillac-billiers.fr\/?page_id=1385\" \/>\n<meta property=\"og:locale\" content=\"en_US\" \/>\n<meta property=\"og:type\" content=\"article\" \/>\n<meta property=\"og:title\" content=\"Hom\u00e9lies - PAROISSE MUZILLAC ET BILLIERS\" \/>\n<meta property=\"og:url\" content=\"https:\/\/paroisse-muzillac-billiers.fr\/?page_id=1385\" \/>\n<meta property=\"og:site_name\" content=\"PAROISSE MUZILLAC ET BILLIERS\" \/>\n<meta name=\"twitter:card\" content=\"summary_large_image\" \/>\n<script type=\"application\/ld+json\" class=\"yoast-schema-graph\">{\"@context\":\"https:\/\/schema.org\",\"@graph\":[{\"@type\":\"WebPage\",\"@id\":\"https:\/\/paroisse-muzillac-billiers.fr\/?page_id=1385\",\"url\":\"https:\/\/paroisse-muzillac-billiers.fr\/?page_id=1385\",\"name\":\"Hom\u00e9lies - PAROISSE MUZILLAC ET BILLIERS\",\"isPartOf\":{\"@id\":\"https:\/\/paroisse-muzillac-billiers.fr\/#website\"},\"datePublished\":\"2026-02-25T15:15:36+00:00\",\"breadcrumb\":{\"@id\":\"https:\/\/paroisse-muzillac-billiers.fr\/?page_id=1385#breadcrumb\"},\"inLanguage\":\"en-US\",\"potentialAction\":[{\"@type\":\"ReadAction\",\"target\":[\"https:\/\/paroisse-muzillac-billiers.fr\/?page_id=1385\"]}]},{\"@type\":\"BreadcrumbList\",\"@id\":\"https:\/\/paroisse-muzillac-billiers.fr\/?page_id=1385#breadcrumb\",\"itemListElement\":[{\"@type\":\"ListItem\",\"position\":1,\"name\":\"Accueil\",\"item\":\"https:\/\/paroisse-muzillac-billiers.fr\/\"},{\"@type\":\"ListItem\",\"position\":2,\"name\":\"Hom\u00e9lies\"}]},{\"@type\":\"WebSite\",\"@id\":\"https:\/\/paroisse-muzillac-billiers.fr\/#website\",\"url\":\"https:\/\/paroisse-muzillac-billiers.fr\/\",\"name\":\"PAROISSE MUZILLAC ET BILLIERS\",\"description\":\"\",\"publisher\":{\"@id\":\"https:\/\/paroisse-muzillac-billiers.fr\/#organization\"},\"potentialAction\":[{\"@type\":\"SearchAction\",\"target\":{\"@type\":\"EntryPoint\",\"urlTemplate\":\"https:\/\/paroisse-muzillac-billiers.fr\/?s={search_term_string}\"},\"query-input\":{\"@type\":\"PropertyValueSpecification\",\"valueRequired\":true,\"valueName\":\"search_term_string\"}}],\"inLanguage\":\"en-US\"},{\"@type\":\"Organization\",\"@id\":\"https:\/\/paroisse-muzillac-billiers.fr\/#organization\",\"name\":\"PAROISSE MUZILLAC ET BILLIERS\",\"url\":\"https:\/\/paroisse-muzillac-billiers.fr\/\",\"logo\":{\"@type\":\"ImageObject\",\"inLanguage\":\"en-US\",\"@id\":\"https:\/\/paroisse-muzillac-billiers.fr\/#\/schema\/logo\/image\/\",\"url\":\"https:\/\/paroisse-muzillac-billiers.fr\/wp-content\/uploads\/2025\/02\/cropped-Logo-Paroisse-Muzillac-Billiers-petit.jpg\",\"contentUrl\":\"https:\/\/paroisse-muzillac-billiers.fr\/wp-content\/uploads\/2025\/02\/cropped-Logo-Paroisse-Muzillac-Billiers-petit.jpg\",\"width\":519,\"height\":260,\"caption\":\"PAROISSE MUZILLAC ET BILLIERS\"},\"image\":{\"@id\":\"https:\/\/paroisse-muzillac-billiers.fr\/#\/schema\/logo\/image\/\"}}]}<\/script>\n<!-- \/ Yoast SEO plugin. -->","yoast_head_json":{"title":"Hom\u00e9lies - PAROISSE MUZILLAC ET BILLIERS","robots":{"index":"index","follow":"follow","max-snippet":"max-snippet:-1","max-image-preview":"max-image-preview:large","max-video-preview":"max-video-preview:-1"},"canonical":"https:\/\/paroisse-muzillac-billiers.fr\/?page_id=1385","og_locale":"en_US","og_type":"article","og_title":"Hom\u00e9lies - PAROISSE MUZILLAC ET BILLIERS","og_url":"https:\/\/paroisse-muzillac-billiers.fr\/?page_id=1385","og_site_name":"PAROISSE MUZILLAC ET BILLIERS","twitter_card":"summary_large_image","schema":{"@context":"https:\/\/schema.org","@graph":[{"@type":"WebPage","@id":"https:\/\/paroisse-muzillac-billiers.fr\/?page_id=1385","url":"https:\/\/paroisse-muzillac-billiers.fr\/?page_id=1385","name":"Hom\u00e9lies - PAROISSE MUZILLAC ET BILLIERS","isPartOf":{"@id":"https:\/\/paroisse-muzillac-billiers.fr\/#website"},"datePublished":"2026-02-25T15:15:36+00:00","breadcrumb":{"@id":"https:\/\/paroisse-muzillac-billiers.fr\/?page_id=1385#breadcrumb"},"inLanguage":"en-US","potentialAction":[{"@type":"ReadAction","target":["https:\/\/paroisse-muzillac-billiers.fr\/?page_id=1385"]}]},{"@type":"BreadcrumbList","@id":"https:\/\/paroisse-muzillac-billiers.fr\/?page_id=1385#breadcrumb","itemListElement":[{"@type":"ListItem","position":1,"name":"Accueil","item":"https:\/\/paroisse-muzillac-billiers.fr\/"},{"@type":"ListItem","position":2,"name":"Hom\u00e9lies"}]},{"@type":"WebSite","@id":"https:\/\/paroisse-muzillac-billiers.fr\/#website","url":"https:\/\/paroisse-muzillac-billiers.fr\/","name":"PAROISSE MUZILLAC ET BILLIERS","description":"","publisher":{"@id":"https:\/\/paroisse-muzillac-billiers.fr\/#organization"},"potentialAction":[{"@type":"SearchAction","target":{"@type":"EntryPoint","urlTemplate":"https:\/\/paroisse-muzillac-billiers.fr\/?s={search_term_string}"},"query-input":{"@type":"PropertyValueSpecification","valueRequired":true,"valueName":"search_term_string"}}],"inLanguage":"en-US"},{"@type":"Organization","@id":"https:\/\/paroisse-muzillac-billiers.fr\/#organization","name":"PAROISSE MUZILLAC ET BILLIERS","url":"https:\/\/paroisse-muzillac-billiers.fr\/","logo":{"@type":"ImageObject","inLanguage":"en-US","@id":"https:\/\/paroisse-muzillac-billiers.fr\/#\/schema\/logo\/image\/","url":"https:\/\/paroisse-muzillac-billiers.fr\/wp-content\/uploads\/2025\/02\/cropped-Logo-Paroisse-Muzillac-Billiers-petit.jpg","contentUrl":"https:\/\/paroisse-muzillac-billiers.fr\/wp-content\/uploads\/2025\/02\/cropped-Logo-Paroisse-Muzillac-Billiers-petit.jpg","width":519,"height":260,"caption":"PAROISSE MUZILLAC ET BILLIERS"},"image":{"@id":"https:\/\/paroisse-muzillac-billiers.fr\/#\/schema\/logo\/image\/"}}]}},"_links":{"self":[{"href":"https:\/\/paroisse-muzillac-billiers.fr\/index.php?rest_route=\/wp\/v2\/pages\/1385","targetHints":{"allow":["GET"]}}],"collection":[{"href":"https:\/\/paroisse-muzillac-billiers.fr\/index.php?rest_route=\/wp\/v2\/pages"}],"about":[{"href":"https:\/\/paroisse-muzillac-billiers.fr\/index.php?rest_route=\/wp\/v2\/types\/page"}],"author":[{"embeddable":true,"href":"https:\/\/paroisse-muzillac-billiers.fr\/index.php?rest_route=\/wp\/v2\/users\/2"}],"replies":[{"embeddable":true,"href":"https:\/\/paroisse-muzillac-billiers.fr\/index.php?rest_route=%2Fwp%2Fv2%2Fcomments&post=1385"}],"version-history":[{"count":1,"href":"https:\/\/paroisse-muzillac-billiers.fr\/index.php?rest_route=\/wp\/v2\/pages\/1385\/revisions"}],"predecessor-version":[{"id":1386,"href":"https:\/\/paroisse-muzillac-billiers.fr\/index.php?rest_route=\/wp\/v2\/pages\/1385\/revisions\/1386"}],"wp:attachment":[{"href":"https:\/\/paroisse-muzillac-billiers.fr\/index.php?rest_route=%2Fwp%2Fv2%2Fmedia&parent=1385"}],"curies":[{"name":"wp","href":"https:\/\/api.w.org\/{rel}","templated":true}]}}